{"id":7392,"date":"2018-11-05T12:57:36","date_gmt":"2018-11-05T12:57:36","guid":{"rendered":"https:\/\/trekkingmasca.com\/news\/"},"modified":"2023-06-22T14:55:22","modified_gmt":"2023-06-22T14:55:22","slug":"news","status":"publish","type":"page","link":"https:\/\/trekkingmasca.com\/en\/news\/","title":{"rendered":"News"},"content":{"rendered":"<div class=\"wpb-content-wrapper\"><p>[vc_row full_width=&#8221;stretch_row&#8221; css=&#8221;.vc_custom_1684323092818{margin-top: 0px !important;margin-bottom: 0px !important;padding-top: 50px !important;padding-bottom: 80px !important;background-position: center !important;background-repeat: no-repeat !important;background-size: cover !important;}&#8221;][vc_column]<style>.portfolio.news-grid#style-5b67ec6 .portfolio-item:not(.size-item), .preloader#style-preloader-5b67ec6 .portfolio-item { padding: calc(42px\/2) !important; }.portfolio.news-grid#style-5b67ec6 .portfolio-item.size-item { padding: 0 calc(42px\/2) !important; }.portfolio.news-grid#style-5b67ec6 .portfolio-row, .preloader#style-preloader-5b67ec6 .skeleton-posts.portfolio-row { margin: calc(-42px\/2); }.portfolio.news-grid#style-5b67ec6.fullwidth-columns .portfolio-row { margin: calc(-42px\/2) 0; }.portfolio.news-grid#style-5b67ec6 .fullwidth-block:not(.no-paddings) { padding-left: 42px; padding-right: 42px; }.portfolio.news-grid#style-5b67ec6 .fullwidth-block .portfolio-row { padding-left: calc(42px\/2); padding-right: calc(42px\/2); }.portfolio.news-grid#style-5b67ec6 .fullwidth-block .portfolio-top-panel { padding-left: 42px; padding-right: 42px; }.portfolio.news-grid#style-5b67ec6.fullwidth-columns .with-filter-sidebar .filter-sidebar { padding-left: 42px; }.portfolio.news-grid#style-5b67ec6.list-style.with-divider .portfolio-item .wrap:before { top: calc(-42px\/2); }@media (max-width: 991px) { .portfolio.news-grid#style-5b67ec6 .portfolio-item:not(.size-item), .preloader#style-preloader-5b67ec6 .portfolio-item { padding: calc(42px\/2) !important; }.portfolio.news-grid#style-5b67ec6 .portfolio-item.size-item { padding: 0 calc(42px\/2) !important; }.portfolio.news-grid#style-5b67ec6 .portfolio-row, .preloader#style-preloader-5b67ec6 .skeleton-posts.portfolio-row { margin: calc(-42px\/2); }.portfolio.news-grid#style-5b67ec6.fullwidth-columns .portfolio-row { margin: calc(-42px\/2) 0; }.portfolio.news-grid#style-5b67ec6 .fullwidth-block:not(.no-paddings) { padding-left: 42px; padding-right: 42px; }.portfolio.news-grid#style-5b67ec6 .fullwidth-block .portfolio-row { padding-left: calc(42px\/2); padding-right: calc(42px\/2); }.portfolio.news-grid#style-5b67ec6 .fullwidth-block .portfolio-top-panel { padding-left: 42px; padding-right: 42px; }.portfolio.news-grid#style-5b67ec6.fullwidth-columns .with-filter-sidebar .filter-sidebar { padding-left: 42px; }.portfolio.news-grid#style-5b67ec6.list-style.with-divider .portfolio-item .wrap:before { top: calc(-42px\/2); }}@media (max-width: 767px) { .portfolio.news-grid#style-5b67ec6 .portfolio-item:not(.size-item), .preloader#style-preloader-5b67ec6 .portfolio-item { padding: calc(42px\/2) !important; }.portfolio.news-grid#style-5b67ec6 .portfolio-item.size-item { padding: 0 calc(42px\/2) !important; }.portfolio.news-grid#style-5b67ec6 .portfolio-row, .preloader#style-preloader-5b67ec6 .skeleton-posts.portfolio-row { margin: calc(-42px\/2); }.portfolio.news-grid#style-5b67ec6.fullwidth-columns .portfolio-row { margin: calc(-42px\/2) 0; }.portfolio.news-grid#style-5b67ec6 .fullwidth-block:not(.no-paddings) { padding-left: 42px; padding-right: 42px; }.portfolio.news-grid#style-5b67ec6 .fullwidth-block .portfolio-row { padding-left: calc(42px\/2); padding-right: calc(42px\/2); }.portfolio.news-grid#style-5b67ec6 .fullwidth-block .portfolio-top-panel { padding-left: 42px; padding-right: 42px; }.portfolio.news-grid#style-5b67ec6.fullwidth-columns .with-filter-sidebar .filter-sidebar { padding-left: 42px; }.portfolio.news-grid#style-5b67ec6.list-style.with-divider .portfolio-item .wrap:before { top: calc(-42px\/2); }}.portfolio.news-grid#style-5b67ec6 .portfolio-item .caption .title span { letter-spacing: px !important; }<\/style><style>.portfolio.news-grid#style-5b67ec6 .portfolio-filters { text-align: center; }<\/style><div id=\"style-preloader-5b67ec6\" class=\"preloader save-space\"><div class=\"preloader-spin\"><\/div><\/div> <div class=\"portfolio-preloader-wrapper panel-sidebar-position-left\"> <div class=\"portfolio portfolio-grid extended-portfolio-grid news-grid no-padding portfolio-pagination-more portfolio-style-masonry background-style-white title-style-light hover-new-default title-on-page caption-position-page version-new loading-animation item-animation-move-up portfolio-items-masonry columns-3 columns-tablet-2 columns-mobile-1 \" id=\"style-5b67ec6\" data-style-uid=\"5b67ec6\" data-portfolio-uid=\"grid_7870536\" data-current-page=\"1\" data-per-page=\"8\" data-next-page=\"0\" data-pages-count=\"1\" data-hover=\"default\" data-portfolio-filter=\"[]\" data-portfolio-filter-attributes=\"null\" data-portfolio-filter-status=\"null\" data-portfolio-filter-price=\"null\" data-portfolio-filter-search=\"\"> <div class=\"portfolio-row-outer \"> <div class=\"portfolio-top-panel selected-only\"> <div class=\"portfolio-filter-item portfolio-selected-filters left\"> <div class=\"portfolio-selected-filter-item clear-filters\"> Clear Filters\t<\/div> <\/div> <\/div> <div class=\"row portfolio-row\"> <div class=\"portfolio-set clearfix\" data-max-row-height=\"380\"> <div class=\"portfolio-item news col-xs-12 col-sm-6 col-md-4 item-animations-not-inited post-hide-categories appearance-type- post-8564 post type-post status-publish format-standard has-post-thumbnail category-news\" data-default-sort=\"0\" data-sort-date=\"1685095246\"> <div class=\"wrap clearfix\"> <div class=\"image post-8564 post type-post status-publish format-standard has-post-thumbnail category-news\"> <div class=\"image-inner \"> <div class=\"post-featured-content\"><a href=\"https:\/\/trekkingmasca.com\/en\/masca-the-spanish-machu-picchu-that-is-also-a-wonder-of-the-world\/\"> <picture> <img src=\"https:\/\/trekkingmasca.com\/wp-content\/uploads\/2023\/06\/8eb89ade-ea67-42d0-913b-1a4fdcf7d218_woman-libre-1200_default_0-thegem-portfolio-masonry.jpg\" width=\"754\" height=\"500\" class=\"img-responsive\" alt=\"8eb89ade-ea67-42d0-913b-1a4fdcf7d218_woman-libre-1200_default_0\" \/> <\/picture> <\/a><\/div> <\/div> <div class=\"overlay\"> <div class=\"overlay-circle\"><\/div> <div class=\"links-wrapper\"> <div class=\"links\"> <div class=\"caption\"> <a href=\"https:\/\/trekkingmasca.com\/en\/masca-the-spanish-machu-picchu-that-is-also-a-wonder-of-the-world\/\" class=\"portfolio-item-link\"> <span class=\"screen-reader-text\">Masca, the Spanish Machu Picchu that is also a wonder of the world<\/span> <\/a> <div class=\"portfolio-icons\"> <a href=\"javascript: void(0);\" class=\"icon self-link\" aria-label=\"Masca, the Spanish Machu Picchu that is also a wonder of the world\"><i class=\"default\"><\/i><\/a> <\/div> <\/div> <\/div> <\/div> <\/div> <\/div> <div class=\"caption post-8564 post type-post status-publish format-standard has-post-thumbnail category-news\"> <div class=\"post-author-date\"> <div class=\"post-date\">May 26, 2023<\/div> <\/div> <div class=\"title\"> <span class=\"title-h4 \"><a href=\"https:\/\/trekkingmasca.com\/en\/masca-the-spanish-machu-picchu-that-is-also-a-wonder-of-the-world\/\" rel=\"bookmark\">Masca, the Spanish Machu Picchu that is also a wonder of the world<\/a><\/span> <\/div> <div class=\"description \"> <p>This natural spectacle is located in Tenerife and offers breathtaking views. Alba Armida &#8211; 26\/5\/2023. Original article: Viajar. El Peri\u00f3dico&#8230;<\/p> <\/div> <div class=\"grid-post-meta clearfix without-likes\"> <div class=\"grid-post-meta-inner\"> <div class=\"grid-post-share\"> <a href=\"javascript: void(0);\" class=\"icon share\" role=\"button\" aria-label=\"Share\"><i class=\"default\"><\/i><\/a> <\/div> <div class=\"portfolio-sharing-pane\"> <div class=\"socials-sharing socials socials-colored-hover\"> <a class=\"socials-item\" target=\"_blank\" href=\"https:\/\/www.facebook.com\/sharer\/sharer.php?u=https%3A%2F%2Ftrekkingmasca.com%2Fen%2Fmasca-the-spanish-machu-picchu-that-is-also-a-wonder-of-the-world%2F\" title=\"Facebook\"><i class=\"socials-item-icon facebook\"><\/i><\/a> <a class=\"socials-item\" target=\"_blank\" href=\"https:\/\/twitter.com\/intent\/tweet?text=Masca%2C+the+Spanish+Machu+Picchu+that+is+also+a+wonder+of+the+world&#038;url=https%3A%2F%2Ftrekkingmasca.com%2Fen%2Fmasca-the-spanish-machu-picchu-that-is-also-a-wonder-of-the-world%2F\" title=\"Twitter\"><i class=\"socials-item-icon twitter\"><\/i><\/a> <a class=\"socials-item\" target=\"_blank\" href=\"https:\/\/pinterest.com\/pin\/create\/button\/?url=https%3A%2F%2Ftrekkingmasca.com%2Fen%2Fmasca-the-spanish-machu-picchu-that-is-also-a-wonder-of-the-world%2F&#038;description=Masca%2C+the+Spanish+Machu+Picchu+that+is+also+a+wonder+of+the+world&#038;media=https%3A%2F%2Ftrekkingmasca.com%2Fwp-content%2Fuploads%2F2023%2F06%2F8eb89ade-ea67-42d0-913b-1a4fdcf7d218_woman-libre-1200_default_0-thegem-blog-timeline-large.jpg\" title=\"Pinterest\"><i class=\"socials-item-icon pinterest\"><\/i><\/a> <a class=\"socials-item\" target=\"_blank\" href=\"https:\/\/www.tumblr.com\/widgets\/share\/tool?canonicalUrl=https%3A%2F%2Ftrekkingmasca.com%2Fen%2Fmasca-the-spanish-machu-picchu-that-is-also-a-wonder-of-the-world%2F\" title=\"Tumblr\"><i class=\"socials-item-icon tumblr\"><\/i><\/a> <a class=\"socials-item\" target=\"_blank\" href=\"https:\/\/www.linkedin.com\/shareArticle?mini=true&#038;url=https%3A%2F%2Ftrekkingmasca.com%2Fen%2Fmasca-the-spanish-machu-picchu-that-is-also-a-wonder-of-the-world%2F&#038;title=Masca%2C+the+Spanish+Machu+Picchu+that+is+also+a+wonder+of+the+world&amp;summary=This+natural+spectacle+is+located+in+Tenerife+and+offers+breathtaking+views.+Alba+Armida+%26%238211%3B+26%2F5%2F2023.+Original+article%3A+Viajar.+El+Peri%C3%B3dico...\" title=\"LinkedIn\"><i class=\"socials-item-icon linkedin\"><\/i><\/a> <a class=\"socials-item\" target=\"_blank\" href=\"https:\/\/www.reddit.com\/submit?url=https%3A%2F%2Ftrekkingmasca.com%2Fen%2Fmasca-the-spanish-machu-picchu-that-is-also-a-wonder-of-the-world%2F&#038;title=Masca%2C+the+Spanish+Machu+Picchu+that+is+also+a+wonder+of+the+world\" title=\"Reddit\"><i class=\"socials-item-icon reddit\"><\/i><\/a> <\/div> <\/div> <div class=\"grid-post-meta-comments-likes\"> <\/div> <\/div> <\/div> <\/div> <\/div> <\/div> <div class=\"portfolio-item news col-xs-12 col-sm-6 col-md-4 item-animations-not-inited post-hide-categories appearance-type- post-8547 post type-post status-publish format-standard has-post-thumbnail category-news\" data-default-sort=\"0\" data-sort-date=\"1684404418\"> <div class=\"wrap clearfix\"> <div class=\"image post-8547 post type-post status-publish format-standard has-post-thumbnail category-news\"> <div class=\"image-inner \"> <div class=\"post-featured-content\"><a href=\"https:\/\/trekkingmasca.com\/en\/como-un-barranco-de-tenerife-se-ha-convertido-en-el-pueblo-aventura-mas-deseado\/\"> <picture> <img src=\"https:\/\/trekkingmasca.com\/wp-content\/uploads\/2023\/06\/National-Geographic-2-thegem-portfolio-masonry.jpg\" width=\"754\" height=\"501\" class=\"img-responsive\" alt=\"View,Of,Masca,Village,With,Palms,And,Mountains,,Tenerife,,Canary\" \/> <\/picture> <\/a><\/div> <\/div> <div class=\"overlay\"> <div class=\"overlay-circle\"><\/div> <div class=\"links-wrapper\"> <div class=\"links\"> <div class=\"caption\"> <a href=\"https:\/\/trekkingmasca.com\/en\/como-un-barranco-de-tenerife-se-ha-convertido-en-el-pueblo-aventura-mas-deseado\/\" class=\"portfolio-item-link\"> <span class=\"screen-reader-text\">How a Tenerife ravine has become the most sought-after adventure village<\/span> <\/a> <div class=\"portfolio-icons\"> <a href=\"javascript: void(0);\" class=\"icon self-link\" aria-label=\"How a Tenerife ravine has become the most sought-after adventure village\"><i class=\"default\"><\/i><\/a> <\/div> <\/div> <\/div> <\/div> <\/div> <\/div> <div class=\"caption post-8547 post type-post status-publish format-standard has-post-thumbnail category-news\"> <div class=\"post-author-date\"> <div class=\"post-date\">May 18, 2023<\/div> <\/div> <div class=\"title\"> <span class=\"title-h4 \"><a href=\"https:\/\/trekkingmasca.com\/en\/como-un-barranco-de-tenerife-se-ha-convertido-en-el-pueblo-aventura-mas-deseado\/\" rel=\"bookmark\">How a Tenerife ravine has become the most sought-after adventure village<\/a><\/span> <\/div> <div class=\"description \"> <p>Aboriginal footprints, wild beauty and the peaceful charm of Masca are interwoven to offer the traveller much more than just a hike.<\/p> <\/div> <div class=\"grid-post-meta clearfix without-likes\"> <div class=\"grid-post-meta-inner\"> <div class=\"grid-post-share\"> <a href=\"javascript: void(0);\" class=\"icon share\" role=\"button\" aria-label=\"Share\"><i class=\"default\"><\/i><\/a> <\/div> <div class=\"portfolio-sharing-pane\"> <div class=\"socials-sharing socials socials-colored-hover\"> <a class=\"socials-item\" target=\"_blank\" href=\"https:\/\/www.facebook.com\/sharer\/sharer.php?u=https%3A%2F%2Ftrekkingmasca.com%2Fen%2Fcomo-un-barranco-de-tenerife-se-ha-convertido-en-el-pueblo-aventura-mas-deseado%2F\" title=\"Facebook\"><i class=\"socials-item-icon facebook\"><\/i><\/a> <a class=\"socials-item\" target=\"_blank\" href=\"https:\/\/twitter.com\/intent\/tweet?text=How+a+Tenerife+ravine+has+become+the+most+sought-after+adventure+village&#038;url=https%3A%2F%2Ftrekkingmasca.com%2Fen%2Fcomo-un-barranco-de-tenerife-se-ha-convertido-en-el-pueblo-aventura-mas-deseado%2F\" title=\"Twitter\"><i class=\"socials-item-icon twitter\"><\/i><\/a> <a class=\"socials-item\" target=\"_blank\" href=\"https:\/\/pinterest.com\/pin\/create\/button\/?url=https%3A%2F%2Ftrekkingmasca.com%2Fen%2Fcomo-un-barranco-de-tenerife-se-ha-convertido-en-el-pueblo-aventura-mas-deseado%2F&#038;description=How+a+Tenerife+ravine+has+become+the+most+sought-after+adventure+village&#038;media=https%3A%2F%2Ftrekkingmasca.com%2Fwp-content%2Fuploads%2F2023%2F06%2FNational-Geographic-2-thegem-blog-timeline-large.jpg\" title=\"Pinterest\"><i class=\"socials-item-icon pinterest\"><\/i><\/a> <a class=\"socials-item\" target=\"_blank\" href=\"https:\/\/www.tumblr.com\/widgets\/share\/tool?canonicalUrl=https%3A%2F%2Ftrekkingmasca.com%2Fen%2Fcomo-un-barranco-de-tenerife-se-ha-convertido-en-el-pueblo-aventura-mas-deseado%2F\" title=\"Tumblr\"><i class=\"socials-item-icon tumblr\"><\/i><\/a> <a class=\"socials-item\" target=\"_blank\" href=\"https:\/\/www.linkedin.com\/shareArticle?mini=true&#038;url=https%3A%2F%2Ftrekkingmasca.com%2Fen%2Fcomo-un-barranco-de-tenerife-se-ha-convertido-en-el-pueblo-aventura-mas-deseado%2F&#038;title=How+a+Tenerife+ravine+has+become+the+most+sought-after+adventure+village&amp;summary=Aboriginal+footprints%2C+wild+beauty+and+the+peaceful+charm+of+Masca+are+interwoven+to+offer+the+traveller+much+more+than+just+a+hike.\" title=\"LinkedIn\"><i class=\"socials-item-icon linkedin\"><\/i><\/a> <a class=\"socials-item\" target=\"_blank\" href=\"https:\/\/www.reddit.com\/submit?url=https%3A%2F%2Ftrekkingmasca.com%2Fen%2Fcomo-un-barranco-de-tenerife-se-ha-convertido-en-el-pueblo-aventura-mas-deseado%2F&#038;title=How+a+Tenerife+ravine+has+become+the+most+sought-after+adventure+village\" title=\"Reddit\"><i class=\"socials-item-icon reddit\"><\/i><\/a> <\/div> <\/div> <div class=\"grid-post-meta-comments-likes\"> <\/div> <\/div> <\/div> <\/div> <\/div> <\/div> <div class=\"portfolio-item news col-xs-12 col-sm-6 col-md-4 item-animations-not-inited post-hide-categories appearance-type- post-8548 post type-post status-publish format-standard has-post-thumbnail category-news\" data-default-sort=\"0\" data-sort-date=\"1583748043\"> <div class=\"wrap clearfix\"> <div class=\"image post-8548 post type-post status-publish format-standard has-post-thumbnail category-news\"> <div class=\"image-inner \"> <div class=\"post-featured-content\"><a href=\"https:\/\/trekkingmasca.com\/en\/el-cabildo-presenta-el-modelo-de-gestion-de-masca-a-las-empresas-turisticas\/\"> <picture> <img src=\"https:\/\/trekkingmasca.com\/wp-content\/uploads\/2019\/07\/Reunion-masca-redux-thegem-portfolio-masonry.jpg\" width=\"754\" height=\"423\" class=\"img-responsive\" alt=\"SONY DSC\" \/> <\/picture> <\/a><\/div> <\/div> <div class=\"overlay\"> <div class=\"overlay-circle\"><\/div> <div class=\"links-wrapper\"> <div class=\"links\"> <div class=\"caption\"> <a href=\"https:\/\/trekkingmasca.com\/en\/el-cabildo-presenta-el-modelo-de-gestion-de-masca-a-las-empresas-turisticas\/\" class=\"portfolio-item-link\"> <span class=\"screen-reader-text\">The Cabildo presents Masca&#8217;s management model to tourism companies<\/span> <\/a> <div class=\"portfolio-icons\"> <a href=\"javascript: void(0);\" class=\"icon self-link\" aria-label=\"The Cabildo presents Masca&#8217;s management model to tourism companies\"><i class=\"default\"><\/i><\/a> <\/div> <\/div> <\/div> <\/div> <\/div> <\/div> <div class=\"caption post-8548 post type-post status-publish format-standard has-post-thumbnail category-news\"> <div class=\"post-author-date\"> <div class=\"post-date\">March 9, 2020<\/div> <\/div> <div class=\"title\"> <span class=\"title-h4 \"><a href=\"https:\/\/trekkingmasca.com\/en\/el-cabildo-presenta-el-modelo-de-gestion-de-masca-a-las-empresas-turisticas\/\" rel=\"bookmark\">The Cabildo presents Masca&#8217;s management model to tourism companies<\/a><\/span> <\/div> <div class=\"description \"> <p>The councillors for Natural Environment Management and Tourism, Isabel Garc\u00eda and Jos\u00e9 Gregorio Mart\u00edn Plata, respectively, explained the technical aspects and collected their suggestions, which they will continue to receive in writing<\/p> <\/div> <div class=\"grid-post-meta clearfix without-likes\"> <div class=\"grid-post-meta-inner\"> <div class=\"grid-post-share\"> <a href=\"javascript: void(0);\" class=\"icon share\" role=\"button\" aria-label=\"Share\"><i class=\"default\"><\/i><\/a> <\/div> <div class=\"portfolio-sharing-pane\"> <div class=\"socials-sharing socials socials-colored-hover\"> <a class=\"socials-item\" target=\"_blank\" href=\"https:\/\/www.facebook.com\/sharer\/sharer.php?u=https%3A%2F%2Ftrekkingmasca.com%2Fen%2Fel-cabildo-presenta-el-modelo-de-gestion-de-masca-a-las-empresas-turisticas%2F\" title=\"Facebook\"><i class=\"socials-item-icon facebook\"><\/i><\/a> <a class=\"socials-item\" target=\"_blank\" href=\"https:\/\/twitter.com\/intent\/tweet?text=The+Cabildo+presents+Masca%26%238217%3Bs+management+model+to+tourism+companies&#038;url=https%3A%2F%2Ftrekkingmasca.com%2Fen%2Fel-cabildo-presenta-el-modelo-de-gestion-de-masca-a-las-empresas-turisticas%2F\" title=\"Twitter\"><i class=\"socials-item-icon twitter\"><\/i><\/a> <a class=\"socials-item\" target=\"_blank\" href=\"https:\/\/pinterest.com\/pin\/create\/button\/?url=https%3A%2F%2Ftrekkingmasca.com%2Fen%2Fel-cabildo-presenta-el-modelo-de-gestion-de-masca-a-las-empresas-turisticas%2F&#038;description=The+Cabildo+presents+Masca%26%238217%3Bs+management+model+to+tourism+companies&#038;media=https%3A%2F%2Ftrekkingmasca.com%2Fwp-content%2Fuploads%2F2019%2F07%2FReunion-masca-redux-thegem-blog-timeline-large.jpg\" title=\"Pinterest\"><i class=\"socials-item-icon pinterest\"><\/i><\/a> <a class=\"socials-item\" target=\"_blank\" href=\"https:\/\/www.tumblr.com\/widgets\/share\/tool?canonicalUrl=https%3A%2F%2Ftrekkingmasca.com%2Fen%2Fel-cabildo-presenta-el-modelo-de-gestion-de-masca-a-las-empresas-turisticas%2F\" title=\"Tumblr\"><i class=\"socials-item-icon tumblr\"><\/i><\/a> <a class=\"socials-item\" target=\"_blank\" href=\"https:\/\/www.linkedin.com\/shareArticle?mini=true&#038;url=https%3A%2F%2Ftrekkingmasca.com%2Fen%2Fel-cabildo-presenta-el-modelo-de-gestion-de-masca-a-las-empresas-turisticas%2F&#038;title=The+Cabildo+presents+Masca%26%238217%3Bs+management+model+to+tourism+companies&amp;summary=The+councillors+for+Natural+Environment+Management+and+Tourism%2C+Isabel+Garc%C3%ADa+and+Jos%C3%A9+Gregorio+Mart%C3%ADn+Plata%2C+respectively%2C+explained+the+technical+aspects+and+collected+their+suggestions%2C+which+they+will+continue+to+receive+in+writing\" title=\"LinkedIn\"><i class=\"socials-item-icon linkedin\"><\/i><\/a> <a class=\"socials-item\" target=\"_blank\" href=\"https:\/\/www.reddit.com\/submit?url=https%3A%2F%2Ftrekkingmasca.com%2Fen%2Fel-cabildo-presenta-el-modelo-de-gestion-de-masca-a-las-empresas-turisticas%2F&#038;title=The+Cabildo+presents+Masca%26%238217%3Bs+management+model+to+tourism+companies\" title=\"Reddit\"><i class=\"socials-item-icon reddit\"><\/i><\/a> <\/div> <\/div> <div class=\"grid-post-meta-comments-likes\"> <\/div> <\/div> <\/div> <\/div> <\/div> <\/div> <\/div><!-- .portflio-set --> <div class=\"portfolio-item-size-container\"> <div class=\"portfolio-item col-xs-12 col-sm-6 col-md-4 item-animations-not-inited post-hide-categories post-8548 post type-post status-publish format-standard has-post-thumbnail category-news\"> <\/div> <\/div> <\/div><!-- .row--> <\/div><!-- .full-width --> <\/div><!-- .portfolio--> <\/div><!-- .portfolio-preloader-wrapper-->[\/vc_column][\/vc_row]<\/p>\n<\/div>","protected":false},"excerpt":{"rendered":"<p>[vc_row full_width=&#8221;stretch_row&#8221; css=&#8221;.vc_custom_1684323092818{margin-top: 0px !important;margin-bottom: 0px !important;padding-top: 50px !important;padding-bottom: 80px !important;background-position: center !important;background-repeat: no-repeat !important;background-size: cover !important;}&#8221;][vc_column][\/vc_column][\/vc_row]<\/p>\n","protected":false},"author":1,"featured_media":0,"parent":0,"menu_order":0,"comment_status":"closed","ping_status":"closed","template":"","meta":{"footnotes":""},"class_list":["post-7392","page","type-page","status-publish"],"_links":{"self":[{"href":"https:\/\/trekkingmasca.com\/en\/wp-json\/wp\/v2\/pages\/7392","targetHints":{"allow":["GET"]}}],"collection":[{"href":"https:\/\/trekkingmasca.com\/en\/wp-json\/wp\/v2\/pages"}],"about":[{"href":"https:\/\/trekkingmasca.com\/en\/wp-json\/wp\/v2\/types\/page"}],"author":[{"embeddable":true,"href":"https:\/\/trekkingmasca.com\/en\/wp-json\/wp\/v2\/users\/1"}],"replies":[{"embeddable":true,"href":"https:\/\/trekkingmasca.com\/en\/wp-json\/wp\/v2\/comments?post=7392"}],"version-history":[{"count":5,"href":"https:\/\/trekkingmasca.com\/en\/wp-json\/wp\/v2\/pages\/7392\/revisions"}],"predecessor-version":[{"id":8567,"href":"https:\/\/trekkingmasca.com\/en\/wp-json\/wp\/v2\/pages\/7392\/revisions\/8567"}],"wp:attachment":[{"href":"https:\/\/trekkingmasca.com\/en\/wp-json\/wp\/v2\/media?parent=7392"}],"curies":[{"name":"wp","href":"https:\/\/api.w.org\/{rel}","templated":true}]}}