{"id":9257,"date":"2018-11-05T12:57:36","date_gmt":"2018-11-05T12:57:36","guid":{"rendered":"https:\/\/trekkingmasca.com\/noticias\/"},"modified":"2024-07-02T09:44:52","modified_gmt":"2024-07-02T09:44:52","slug":"noticias","status":"publish","type":"page","link":"https:\/\/trekkingmasca.com\/de\/noticias\/","title":{"rendered":"NACHRICHT"},"content":{"rendered":"<div class=\"wpb-content-wrapper\"><p>[vc_row full_width=&#8221;stretch_row&#8221; css=&#8221;.vc_custom_1684323092818{margin-top: 0px !important;margin-bottom: 0px !important;padding-top: 50px !important;padding-bottom: 80px !important;background-position: center !important;background-repeat: no-repeat !important;background-size: cover !important;}&#8221;][vc_column]<style>.portfolio.news-grid#style-41dbbaa .portfolio-item:not(.size-item), .preloader#style-preloader-41dbbaa .portfolio-item { padding: calc(42px\/2) !important; }.portfolio.news-grid#style-41dbbaa .portfolio-item.size-item { padding: 0 calc(42px\/2) !important; }.portfolio.news-grid#style-41dbbaa .portfolio-row, .preloader#style-preloader-41dbbaa .skeleton-posts.portfolio-row { margin: calc(-42px\/2); }.portfolio.news-grid#style-41dbbaa.fullwidth-columns .portfolio-row { margin: calc(-42px\/2) 0; }.portfolio.news-grid#style-41dbbaa .fullwidth-block:not(.no-paddings) { padding-left: 42px; padding-right: 42px; }.portfolio.news-grid#style-41dbbaa .fullwidth-block .portfolio-row { padding-left: calc(42px\/2); padding-right: calc(42px\/2); }.portfolio.news-grid#style-41dbbaa .fullwidth-block .portfolio-top-panel { padding-left: 42px; padding-right: 42px; }.portfolio.news-grid#style-41dbbaa.fullwidth-columns .with-filter-sidebar .filter-sidebar { padding-left: 42px; }.portfolio.news-grid#style-41dbbaa.list-style.with-divider .portfolio-item .wrap:before { top: calc(-42px\/2); }@media (max-width: 991px) { .portfolio.news-grid#style-41dbbaa .portfolio-item:not(.size-item), .preloader#style-preloader-41dbbaa .portfolio-item { padding: calc(42px\/2) !important; }.portfolio.news-grid#style-41dbbaa .portfolio-item.size-item { padding: 0 calc(42px\/2) !important; }.portfolio.news-grid#style-41dbbaa .portfolio-row, .preloader#style-preloader-41dbbaa .skeleton-posts.portfolio-row { margin: calc(-42px\/2); }.portfolio.news-grid#style-41dbbaa.fullwidth-columns .portfolio-row { margin: calc(-42px\/2) 0; }.portfolio.news-grid#style-41dbbaa .fullwidth-block:not(.no-paddings) { padding-left: 42px; padding-right: 42px; }.portfolio.news-grid#style-41dbbaa .fullwidth-block .portfolio-row { padding-left: calc(42px\/2); padding-right: calc(42px\/2); }.portfolio.news-grid#style-41dbbaa .fullwidth-block .portfolio-top-panel { padding-left: 42px; padding-right: 42px; }.portfolio.news-grid#style-41dbbaa.fullwidth-columns .with-filter-sidebar .filter-sidebar { padding-left: 42px; }.portfolio.news-grid#style-41dbbaa.list-style.with-divider .portfolio-item .wrap:before { top: calc(-42px\/2); }}@media (max-width: 767px) { .portfolio.news-grid#style-41dbbaa .portfolio-item:not(.size-item), .preloader#style-preloader-41dbbaa .portfolio-item { padding: calc(42px\/2) !important; }.portfolio.news-grid#style-41dbbaa .portfolio-item.size-item { padding: 0 calc(42px\/2) !important; }.portfolio.news-grid#style-41dbbaa .portfolio-row, .preloader#style-preloader-41dbbaa .skeleton-posts.portfolio-row { margin: calc(-42px\/2); }.portfolio.news-grid#style-41dbbaa.fullwidth-columns .portfolio-row { margin: calc(-42px\/2) 0; }.portfolio.news-grid#style-41dbbaa .fullwidth-block:not(.no-paddings) { padding-left: 42px; padding-right: 42px; }.portfolio.news-grid#style-41dbbaa .fullwidth-block .portfolio-row { padding-left: calc(42px\/2); padding-right: calc(42px\/2); }.portfolio.news-grid#style-41dbbaa .fullwidth-block .portfolio-top-panel { padding-left: 42px; padding-right: 42px; }.portfolio.news-grid#style-41dbbaa.fullwidth-columns .with-filter-sidebar .filter-sidebar { padding-left: 42px; }.portfolio.news-grid#style-41dbbaa.list-style.with-divider .portfolio-item .wrap:before { top: calc(-42px\/2); }}.portfolio.news-grid#style-41dbbaa .portfolio-item .caption .title span { letter-spacing: px !important; }<\/style><style>.portfolio.news-grid#style-41dbbaa .portfolio-filters { text-align: center; }<\/style><div id=\"style-preloader-41dbbaa\" class=\"preloader save-space\"><div class=\"preloader-spin\"><\/div><\/div> <div class=\"portfolio-preloader-wrapper panel-sidebar-position-left\"> <div class=\"portfolio portfolio-grid extended-portfolio-grid news-grid no-padding portfolio-pagination-more portfolio-style-masonry background-style-white title-style-light hover-new-default title-on-page caption-position-page version-new loading-animation item-animation-move-up portfolio-items-masonry columns-3 columns-tablet-2 columns-mobile-1 \" id=\"style-41dbbaa\" data-style-uid=\"41dbbaa\" data-portfolio-uid=\"grid_7870536\" data-current-page=\"1\" data-per-page=\"6\" data-next-page=\"0\" data-pages-count=\"1\" data-hover=\"default\" data-portfolio-filter=\"[]\" data-portfolio-filter-attributes=\"null\" data-portfolio-filter-status=\"null\" data-portfolio-filter-price=\"null\" data-portfolio-filter-search=\"\"> <div class=\"portfolio-row-outer \"> <div class=\"portfolio-top-panel selected-only\"> <div class=\"portfolio-filter-item portfolio-selected-filters left\"> <div class=\"portfolio-selected-filter-item clear-filters\"> Clear Filters\t<\/div> <\/div> <\/div> <div class=\"row portfolio-row\"> <div class=\"portfolio-set clearfix\" data-max-row-height=\"380\"> <div class=\"portfolio-item noticias-de col-xs-12 col-sm-6 col-md-4 item-animations-not-inited post-hide-categories appearance-type- post-9248 post type-post status-publish format-standard has-post-thumbnail category-noticias-de\" data-default-sort=\"0\" data-sort-date=\"1685095246\"> <div class=\"wrap clearfix\"> <div class=\"image post-9248 post type-post status-publish format-standard has-post-thumbnail category-noticias-de\"> <div class=\"image-inner \"> <div class=\"post-featured-content\"><a href=\"https:\/\/trekkingmasca.com\/de\/masca-der-spanische-machu-picchu-der-auch-ein-weltwunder-ist\/\"> <picture> <img src=\"https:\/\/trekkingmasca.com\/wp-content\/uploads\/2023\/06\/8eb89ade-ea67-42d0-913b-1a4fdcf7d218_woman-libre-1200_default_0-thegem-portfolio-masonry.jpg\" width=\"754\" height=\"500\" class=\"img-responsive\" alt=\"8eb89ade-ea67-42d0-913b-1a4fdcf7d218_woman-libre-1200_default_0\" \/> <\/picture> <\/a><\/div> <\/div> <div class=\"overlay\"> <div class=\"overlay-circle\"><\/div> <div class=\"links-wrapper\"> <div class=\"links\"> <div class=\"caption\"> <a href=\"https:\/\/trekkingmasca.com\/de\/masca-der-spanische-machu-picchu-der-auch-ein-weltwunder-ist\/\" class=\"portfolio-item-link\"> <span class=\"screen-reader-text\">MASCA, DER SPANISCHE MACHU PICCHU, DER AUCH EIN WELTWUNDER IST<\/span> <\/a> <div class=\"portfolio-icons\"> <a href=\"javascript: void(0);\" class=\"icon self-link\" aria-label=\"MASCA, DER SPANISCHE MACHU PICCHU, DER AUCH EIN WELTWUNDER IST\"><i class=\"default\"><\/i><\/a> <\/div> <\/div> <\/div> <\/div> <\/div> <\/div> <div class=\"caption post-9248 post type-post status-publish format-standard has-post-thumbnail category-noticias-de\"> <div class=\"post-author-date\"> <div class=\"post-date\">Mai 26, 2023<\/div> <\/div> <div class=\"title\"> <span class=\"title-h4 \"><a href=\"https:\/\/trekkingmasca.com\/de\/masca-der-spanische-machu-picchu-der-auch-ein-weltwunder-ist\/\" rel=\"bookmark\">MASCA, DER SPANISCHE MACHU PICCHU, DER AUCH EIN WELTWUNDER IST<\/a><\/span> <\/div> <div class=\"description \"> <p>Dieses Naturschauspiel befindet sich auf Teneriffa und bietet atemberaubende Ausblicke.<\/p> <\/div> <div class=\"grid-post-meta clearfix without-likes\"> <div class=\"grid-post-meta-inner\"> <div class=\"grid-post-share\"> <a href=\"javascript: void(0);\" class=\"icon share\" role=\"button\" aria-label=\"Share\"><i class=\"default\"><\/i><\/a> <\/div> <div class=\"portfolio-sharing-pane\"> <div class=\"socials-sharing socials socials-colored-hover\"> <a class=\"socials-item\" target=\"_blank\" href=\"https:\/\/www.facebook.com\/sharer\/sharer.php?u=https%3A%2F%2Ftrekkingmasca.com%2Fde%2Fmasca-der-spanische-machu-picchu-der-auch-ein-weltwunder-ist%2F\" title=\"Facebook\"><i class=\"socials-item-icon facebook\"><\/i><\/a> <a class=\"socials-item\" target=\"_blank\" href=\"https:\/\/twitter.com\/intent\/tweet?text=MASCA%2C+DER+SPANISCHE+MACHU+PICCHU%2C+DER+AUCH+EIN+WELTWUNDER+IST&#038;url=https%3A%2F%2Ftrekkingmasca.com%2Fde%2Fmasca-der-spanische-machu-picchu-der-auch-ein-weltwunder-ist%2F\" title=\"Twitter\"><i class=\"socials-item-icon twitter\"><\/i><\/a> <a class=\"socials-item\" target=\"_blank\" href=\"https:\/\/pinterest.com\/pin\/create\/button\/?url=https%3A%2F%2Ftrekkingmasca.com%2Fde%2Fmasca-der-spanische-machu-picchu-der-auch-ein-weltwunder-ist%2F&#038;description=MASCA%2C+DER+SPANISCHE+MACHU+PICCHU%2C+DER+AUCH+EIN+WELTWUNDER+IST&#038;media=https%3A%2F%2Ftrekkingmasca.com%2Fwp-content%2Fuploads%2F2023%2F06%2F8eb89ade-ea67-42d0-913b-1a4fdcf7d218_woman-libre-1200_default_0-thegem-blog-timeline-large.jpg\" title=\"Pinterest\"><i class=\"socials-item-icon pinterest\"><\/i><\/a> <a class=\"socials-item\" target=\"_blank\" href=\"https:\/\/www.tumblr.com\/widgets\/share\/tool?canonicalUrl=https%3A%2F%2Ftrekkingmasca.com%2Fde%2Fmasca-der-spanische-machu-picchu-der-auch-ein-weltwunder-ist%2F\" title=\"Tumblr\"><i class=\"socials-item-icon tumblr\"><\/i><\/a> <a class=\"socials-item\" target=\"_blank\" href=\"https:\/\/www.linkedin.com\/shareArticle?mini=true&#038;url=https%3A%2F%2Ftrekkingmasca.com%2Fde%2Fmasca-der-spanische-machu-picchu-der-auch-ein-weltwunder-ist%2F&#038;title=MASCA%2C+DER+SPANISCHE+MACHU+PICCHU%2C+DER+AUCH+EIN+WELTWUNDER+IST&amp;summary=Dieses+Naturschauspiel+befindet+sich+auf+Teneriffa+und+bietet+atemberaubende+Ausblicke.\" title=\"LinkedIn\"><i class=\"socials-item-icon linkedin\"><\/i><\/a> <a class=\"socials-item\" target=\"_blank\" href=\"https:\/\/www.reddit.com\/submit?url=https%3A%2F%2Ftrekkingmasca.com%2Fde%2Fmasca-der-spanische-machu-picchu-der-auch-ein-weltwunder-ist%2F&#038;title=MASCA%2C+DER+SPANISCHE+MACHU+PICCHU%2C+DER+AUCH+EIN+WELTWUNDER+IST\" title=\"Reddit\"><i class=\"socials-item-icon reddit\"><\/i><\/a> <\/div> <\/div> <div class=\"grid-post-meta-comments-likes\"> <\/div> <\/div> <\/div> <\/div> <\/div> <\/div> <div class=\"portfolio-item noticias-de col-xs-12 col-sm-6 col-md-4 item-animations-not-inited post-hide-categories appearance-type- post-9251 post type-post status-publish format-standard has-post-thumbnail category-noticias-de\" data-default-sort=\"0\" data-sort-date=\"1684404418\"> <div class=\"wrap clearfix\"> <div class=\"image post-9251 post type-post status-publish format-standard has-post-thumbnail category-noticias-de\"> <div class=\"image-inner \"> <div class=\"post-featured-content\"><a href=\"https:\/\/trekkingmasca.com\/de\/como-un-barranco-de-tenerife-se-ha-convertido-en-el-pueblo-aventura-mas-deseado\/\"> <picture> <img src=\"https:\/\/trekkingmasca.com\/wp-content\/uploads\/2023\/06\/National-Geographic-2-thegem-portfolio-masonry.jpg\" width=\"754\" height=\"501\" class=\"img-responsive\" alt=\"View,Of,Masca,Village,With,Palms,And,Mountains,,Tenerife,,Canary\" \/> <\/picture> <\/a><\/div> <\/div> <div class=\"overlay\"> <div class=\"overlay-circle\"><\/div> <div class=\"links-wrapper\"> <div class=\"links\"> <div class=\"caption\"> <a href=\"https:\/\/trekkingmasca.com\/de\/como-un-barranco-de-tenerife-se-ha-convertido-en-el-pueblo-aventura-mas-deseado\/\" class=\"portfolio-item-link\"> <span class=\"screen-reader-text\">WIE EIN CANYON AUF TENERIFFA ZUR BELIEBTESTEN ABENTEUERSTADT WURDE<\/span> <\/a> <div class=\"portfolio-icons\"> <a href=\"javascript: void(0);\" class=\"icon self-link\" aria-label=\"WIE EIN CANYON AUF TENERIFFA ZUR BELIEBTESTEN ABENTEUERSTADT WURDE\"><i class=\"default\"><\/i><\/a> <\/div> <\/div> <\/div> <\/div> <\/div> <\/div> <div class=\"caption post-9251 post type-post status-publish format-standard has-post-thumbnail category-noticias-de\"> <div class=\"post-author-date\"> <div class=\"post-date\">Mai 18, 2023<\/div> <\/div> <div class=\"title\"> <span class=\"title-h4 \"><a href=\"https:\/\/trekkingmasca.com\/de\/como-un-barranco-de-tenerife-se-ha-convertido-en-el-pueblo-aventura-mas-deseado\/\" rel=\"bookmark\">WIE EIN CANYON AUF TENERIFFA ZUR BELIEBTESTEN ABENTEUERSTADT WURDE<\/a><\/span> <\/div> <div class=\"description \"> <p>Die Spuren der Ureinwohner, die wilde Sch\u00f6nheit und der friedliche Charme von Masca sind miteinander verwoben und bieten dem Reisenden viel mehr als nur Trekking.<\/p> <\/div> <div class=\"grid-post-meta clearfix without-likes\"> <div class=\"grid-post-meta-inner\"> <div class=\"grid-post-share\"> <a href=\"javascript: void(0);\" class=\"icon share\" role=\"button\" aria-label=\"Share\"><i class=\"default\"><\/i><\/a> <\/div> <div class=\"portfolio-sharing-pane\"> <div class=\"socials-sharing socials socials-colored-hover\"> <a class=\"socials-item\" target=\"_blank\" href=\"https:\/\/www.facebook.com\/sharer\/sharer.php?u=https%3A%2F%2Ftrekkingmasca.com%2Fde%2Fcomo-un-barranco-de-tenerife-se-ha-convertido-en-el-pueblo-aventura-mas-deseado%2F\" title=\"Facebook\"><i class=\"socials-item-icon facebook\"><\/i><\/a> <a class=\"socials-item\" target=\"_blank\" href=\"https:\/\/twitter.com\/intent\/tweet?text=WIE+EIN+CANYON+AUF+TENERIFFA+ZUR+BELIEBTESTEN+ABENTEUERSTADT+WURDE&#038;url=https%3A%2F%2Ftrekkingmasca.com%2Fde%2Fcomo-un-barranco-de-tenerife-se-ha-convertido-en-el-pueblo-aventura-mas-deseado%2F\" title=\"Twitter\"><i class=\"socials-item-icon twitter\"><\/i><\/a> <a class=\"socials-item\" target=\"_blank\" href=\"https:\/\/pinterest.com\/pin\/create\/button\/?url=https%3A%2F%2Ftrekkingmasca.com%2Fde%2Fcomo-un-barranco-de-tenerife-se-ha-convertido-en-el-pueblo-aventura-mas-deseado%2F&#038;description=WIE+EIN+CANYON+AUF+TENERIFFA+ZUR+BELIEBTESTEN+ABENTEUERSTADT+WURDE&#038;media=https%3A%2F%2Ftrekkingmasca.com%2Fwp-content%2Fuploads%2F2023%2F06%2FNational-Geographic-2-thegem-blog-timeline-large.jpg\" title=\"Pinterest\"><i class=\"socials-item-icon pinterest\"><\/i><\/a> <a class=\"socials-item\" target=\"_blank\" href=\"https:\/\/www.tumblr.com\/widgets\/share\/tool?canonicalUrl=https%3A%2F%2Ftrekkingmasca.com%2Fde%2Fcomo-un-barranco-de-tenerife-se-ha-convertido-en-el-pueblo-aventura-mas-deseado%2F\" title=\"Tumblr\"><i class=\"socials-item-icon tumblr\"><\/i><\/a> <a class=\"socials-item\" target=\"_blank\" href=\"https:\/\/www.linkedin.com\/shareArticle?mini=true&#038;url=https%3A%2F%2Ftrekkingmasca.com%2Fde%2Fcomo-un-barranco-de-tenerife-se-ha-convertido-en-el-pueblo-aventura-mas-deseado%2F&#038;title=WIE+EIN+CANYON+AUF+TENERIFFA+ZUR+BELIEBTESTEN+ABENTEUERSTADT+WURDE&amp;summary=Die+Spuren+der+Ureinwohner%2C+die+wilde+Sch%C3%B6nheit+und+der+friedliche+Charme+von+Masca+sind+miteinander+verwoben+und+bieten+dem+Reisenden+viel+mehr+als+nur+Trekking.\" title=\"LinkedIn\"><i class=\"socials-item-icon linkedin\"><\/i><\/a> <a class=\"socials-item\" target=\"_blank\" href=\"https:\/\/www.reddit.com\/submit?url=https%3A%2F%2Ftrekkingmasca.com%2Fde%2Fcomo-un-barranco-de-tenerife-se-ha-convertido-en-el-pueblo-aventura-mas-deseado%2F&#038;title=WIE+EIN+CANYON+AUF+TENERIFFA+ZUR+BELIEBTESTEN+ABENTEUERSTADT+WURDE\" title=\"Reddit\"><i class=\"socials-item-icon reddit\"><\/i><\/a> <\/div> <\/div> <div class=\"grid-post-meta-comments-likes\"> <\/div> <\/div> <\/div> <\/div> <\/div> <\/div> <div class=\"portfolio-item noticias-de col-xs-12 col-sm-6 col-md-4 item-animations-not-inited post-hide-categories appearance-type- post-9254 post type-post status-publish format-standard has-post-thumbnail category-noticias-de\" data-default-sort=\"0\" data-sort-date=\"1583748043\"> <div class=\"wrap clearfix\"> <div class=\"image post-9254 post type-post status-publish format-standard has-post-thumbnail category-noticias-de\"> <div class=\"image-inner \"> <div class=\"post-featured-content\"><a href=\"https:\/\/trekkingmasca.com\/de\/la-lucha-contra-la-basura-en-el-mar\/\"> <picture> <img src=\"https:\/\/trekkingmasca.com\/wp-content\/uploads\/2019\/07\/Reunion-masca-redux-thegem-portfolio-masonry.jpg\" width=\"754\" height=\"423\" class=\"img-responsive\" alt=\"SONY DSC\" \/> <\/picture> <\/a><\/div> <\/div> <div class=\"overlay\"> <div class=\"overlay-circle\"><\/div> <div class=\"links-wrapper\"> <div class=\"links\"> <div class=\"caption\"> <a href=\"https:\/\/trekkingmasca.com\/de\/la-lucha-contra-la-basura-en-el-mar\/\" class=\"portfolio-item-link\"> <span class=\"screen-reader-text\">DER CABILDO STELLT TOURISMUSUNTERNEHMEN DAS MASCA-MANAGEMENTMODELL VOR<\/span> <\/a> <div class=\"portfolio-icons\"> <a href=\"javascript: void(0);\" class=\"icon self-link\" aria-label=\"DER CABILDO STELLT TOURISMUSUNTERNEHMEN DAS MASCA-MANAGEMENTMODELL VOR\"><i class=\"default\"><\/i><\/a> <\/div> <\/div> <\/div> <\/div> <\/div> <\/div> <div class=\"caption post-9254 post type-post status-publish format-standard has-post-thumbnail category-noticias-de\"> <div class=\"post-author-date\"> <div class=\"post-date\">M\u00e4rz 9, 2020<\/div> <\/div> <div class=\"title\"> <span class=\"title-h4 \"><a href=\"https:\/\/trekkingmasca.com\/de\/la-lucha-contra-la-basura-en-el-mar\/\" rel=\"bookmark\">DER CABILDO STELLT TOURISMUSUNTERNEHMEN DAS MASCA-MANAGEMENTMODELL VOR<\/a><\/span> <\/div> <div class=\"description \"> <p>DIE BERATERINNEN F\u00dcR NATURUMWELT UND TOURISMUSMANAGEMENT, ISABEL GARC\u00cdA UND JOS\u00c9 GREGORIO MART\u00cdN PLATA, ERKL\u00c4RTEN JETZT DIE TECHNISCHEN ASPEKTE UND SAMMELTEN IHRE VORSCHL\u00c4GE, DIE SIE WEITERHIN SCHRIFTLICH ERHALTEN WERDEN<\/p> <\/div> <div class=\"grid-post-meta clearfix without-likes\"> <div class=\"grid-post-meta-inner\"> <div class=\"grid-post-share\"> <a href=\"javascript: void(0);\" class=\"icon share\" role=\"button\" aria-label=\"Share\"><i class=\"default\"><\/i><\/a> <\/div> <div class=\"portfolio-sharing-pane\"> <div class=\"socials-sharing socials socials-colored-hover\"> <a class=\"socials-item\" target=\"_blank\" href=\"https:\/\/www.facebook.com\/sharer\/sharer.php?u=https%3A%2F%2Ftrekkingmasca.com%2Fde%2Fla-lucha-contra-la-basura-en-el-mar%2F\" title=\"Facebook\"><i class=\"socials-item-icon facebook\"><\/i><\/a> <a class=\"socials-item\" target=\"_blank\" href=\"https:\/\/twitter.com\/intent\/tweet?text=DER+CABILDO+STELLT+TOURISMUSUNTERNEHMEN+DAS+MASCA-MANAGEMENTMODELL+VOR&#038;url=https%3A%2F%2Ftrekkingmasca.com%2Fde%2Fla-lucha-contra-la-basura-en-el-mar%2F\" title=\"Twitter\"><i class=\"socials-item-icon twitter\"><\/i><\/a> <a class=\"socials-item\" target=\"_blank\" href=\"https:\/\/pinterest.com\/pin\/create\/button\/?url=https%3A%2F%2Ftrekkingmasca.com%2Fde%2Fla-lucha-contra-la-basura-en-el-mar%2F&#038;description=DER+CABILDO+STELLT+TOURISMUSUNTERNEHMEN+DAS+MASCA-MANAGEMENTMODELL+VOR&#038;media=https%3A%2F%2Ftrekkingmasca.com%2Fwp-content%2Fuploads%2F2019%2F07%2FReunion-masca-redux-thegem-blog-timeline-large.jpg\" title=\"Pinterest\"><i class=\"socials-item-icon pinterest\"><\/i><\/a> <a class=\"socials-item\" target=\"_blank\" href=\"https:\/\/www.tumblr.com\/widgets\/share\/tool?canonicalUrl=https%3A%2F%2Ftrekkingmasca.com%2Fde%2Fla-lucha-contra-la-basura-en-el-mar%2F\" title=\"Tumblr\"><i class=\"socials-item-icon tumblr\"><\/i><\/a> <a class=\"socials-item\" target=\"_blank\" href=\"https:\/\/www.linkedin.com\/shareArticle?mini=true&#038;url=https%3A%2F%2Ftrekkingmasca.com%2Fde%2Fla-lucha-contra-la-basura-en-el-mar%2F&#038;title=DER+CABILDO+STELLT+TOURISMUSUNTERNEHMEN+DAS+MASCA-MANAGEMENTMODELL+VOR&amp;summary=DIE+BERATERINNEN+F%C3%9CR+NATURUMWELT+UND+TOURISMUSMANAGEMENT%2C+ISABEL+GARC%C3%8DA+UND+JOS%C3%89+GREGORIO+MART%C3%8DN+PLATA%2C+ERKL%C3%84RTEN+JETZT+DIE+TECHNISCHEN+ASPEKTE+UND+SAMMELTEN+IHRE+VORSCHL%C3%84GE%2C+DIE+SIE+WEITERHIN+SCHRIFTLICH+ERHALTEN+WERDEN\" title=\"LinkedIn\"><i class=\"socials-item-icon linkedin\"><\/i><\/a> <a class=\"socials-item\" target=\"_blank\" href=\"https:\/\/www.reddit.com\/submit?url=https%3A%2F%2Ftrekkingmasca.com%2Fde%2Fla-lucha-contra-la-basura-en-el-mar%2F&#038;title=DER+CABILDO+STELLT+TOURISMUSUNTERNEHMEN+DAS+MASCA-MANAGEMENTMODELL+VOR\" title=\"Reddit\"><i class=\"socials-item-icon reddit\"><\/i><\/a> <\/div> <\/div> <div class=\"grid-post-meta-comments-likes\"> <\/div> <\/div> <\/div> <\/div> <\/div> <\/div> <\/div><!-- .portflio-set --> <div class=\"portfolio-item-size-container\"> <div class=\"portfolio-item col-xs-12 col-sm-6 col-md-4 item-animations-not-inited post-hide-categories post-9254 post type-post status-publish format-standard has-post-thumbnail category-noticias-de\"> <\/div> <\/div> <\/div><!-- .row--> <\/div><!-- .full-width --> <\/div><!-- .portfolio--> <\/div><!-- .portfolio-preloader-wrapper-->[\/vc_column][\/vc_row]<\/p>\n<\/div>","protected":false},"excerpt":{"rendered":"<p>[vc_row full_width=&#8221;stretch_row&#8221; css=&#8221;.vc_custom_1684323092818{margin-top: 0px !important;margin-bottom: 0px !important;padding-top: 50px !important;padding-bottom: 80px !important;background-position: center !important;background-repeat: no-repeat !important;background-size: cover !important;}&#8221;][vc_column][\/vc_column][\/vc_row]<\/p>\n","protected":false},"author":1,"featured_media":0,"parent":0,"menu_order":0,"comment_status":"closed","ping_status":"closed","template":"","meta":{"footnotes":""},"class_list":["post-9257","page","type-page","status-publish"],"_links":{"self":[{"href":"https:\/\/trekkingmasca.com\/de\/wp-json\/wp\/v2\/pages\/9257","targetHints":{"allow":["GET"]}}],"collection":[{"href":"https:\/\/trekkingmasca.com\/de\/wp-json\/wp\/v2\/pages"}],"about":[{"href":"https:\/\/trekkingmasca.com\/de\/wp-json\/wp\/v2\/types\/page"}],"author":[{"embeddable":true,"href":"https:\/\/trekkingmasca.com\/de\/wp-json\/wp\/v2\/users\/1"}],"replies":[{"embeddable":true,"href":"https:\/\/trekkingmasca.com\/de\/wp-json\/wp\/v2\/comments?post=9257"}],"version-history":[{"count":2,"href":"https:\/\/trekkingmasca.com\/de\/wp-json\/wp\/v2\/pages\/9257\/revisions"}],"predecessor-version":[{"id":9259,"href":"https:\/\/trekkingmasca.com\/de\/wp-json\/wp\/v2\/pages\/9257\/revisions\/9259"}],"wp:attachment":[{"href":"https:\/\/trekkingmasca.com\/de\/wp-json\/wp\/v2\/media?parent=9257"}],"curies":[{"name":"wp","href":"https:\/\/api.w.org\/{rel}","templated":true}]}}