{"id":9235,"date":"2018-10-19T07:41:51","date_gmt":"2018-10-19T07:41:51","guid":{"rendered":"https:\/\/trekkingmasca.com\/masca-y-su-barranco\/"},"modified":"2024-07-02T10:15:31","modified_gmt":"2024-07-02T10:15:31","slug":"masca-y-su-barranco","status":"publish","type":"page","link":"https:\/\/trekkingmasca.com\/de\/masca-y-su-barranco\/","title":{"rendered":"MASCA UND SEINE SCHLUCHT"},"content":{"rendered":"<div class=\"wpb-content-wrapper\"><p>[vc_row full_width=&#8221;stretch_row_content_no_spaces&#8221; equal_height=&#8221;yes&#8221; content_placement=&#8221;middle&#8221; css=&#8221;.vc_custom_1684323871756{margin-top: 0px !important;margin-bottom: 0px !important;padding-top: 0px !important;padding-bottom: 0px !important;}&#8221;][vc_column css=&#8221;.vc_custom_1686580502971{margin-top: 0px !important;margin-bottom: 0px !important;padding-top: 250px !important;padding-bottom: 250px !important;background-image: url(http:\/\/trekkingmasca.com\/wp-content\/uploads\/2023\/06\/masca-ravine-2913951_1920.jpg?id=7478) !important;background-position: center !important;background-repeat: no-repeat !important;background-size: cover !important;}&#8221; offset=&#8221;vc_col-lg-6 vc_col-md-12 vc_col-xs-12&#8243;][\/vc_column][vc_column disable_custom_paddings_tablet=&#8221;true&#8221; disable_custom_paddings_mobile=&#8221;true&#8221; css=&#8221;.vc_custom_1684323767867{margin-top: 0px !important;margin-bottom: 0px !important;padding-top: 0px !important;padding-right: 80px !important;padding-bottom: 80px !important;padding-left: 80px !important;}&#8221; offset=&#8221;vc_col-lg-6 vc_col-md-12 vc_col-xs-12&#8243;]<div class=\"clearboth\"><\/div><style>#thegem-divider-69dd21488efcd {margin-top: 80px !important;}<\/style><div id=\"thegem-divider-69dd21488efcd\" class=\"gem-divider  \" style=\"\" ><\/div>[vc_column_text css=&#8221;&#8221; css_animation=&#8221;bottom-to-top&#8221;]<\/p>\n<div class=\"styled-subtitle\">ENTDECKEN SIE DAS DORF MASCA, EIN VERSTECKTES WUNDER<\/div>\n<p>[\/vc_column_text]<div class=\"clearboth\"><\/div><style>#thegem-divider-69dd21488eff7 {margin-top: 50px !important;}<\/style><div id=\"thegem-divider-69dd21488eff7\" class=\"gem-divider  \" style=\"\" ><\/div>[vc_column_text css=&#8221;&#8221; css_animation=&#8221;bottom-to-top&#8221;]Von der Halbinsel auf die Insel zu kommen, ist ein ganz besonderes Erlebnis, und die Stadt Masca auf Teneriffa ist ohne Zweifel ein einzigartiger Ort, den es zu entdecken lohnt. Es liegt im S\u00fcdwesten der Insel \u2013 zwischen den Gemeinden Gu\u00eda de Isora und Santiago del Teide \u2013, es ist ein Ort voller Geschichte, ein Ort mit einem so ausgedehnten und vollen Licht, so voller Nuancen&#8230; Unvergleichlich f\u00fcr diejenigen, die das Vergn\u00fcgen hatten, es zu besuchen.<\/p>\n<p>Masca ist ein Weiler, der auf der Insel seinesgleichen sucht, sowohl wegen seiner Orographie als auch wegen seiner Geschichte, der Geschichte einiger Nachbarn, die in einer kleinen Schanze inmitten gro\u00dfer Klippen, die sowohl auf dem Land- als auch auf dem Seeweg schwer zug\u00e4nglich sind, ihre Entscheidung trafen bis heute ihr Zuhause bauen. In schwierigen Zeiten haben diese Kanaren aus der Gemeinde Buenavista del Norte eine der einzigartigsten St\u00e4dte der Welt bewahrt, in der Sie den Geist der Kanarischen Inseln in seiner ganzen Pracht finden k\u00f6nnen. Ohne Zweifel ein Ausflug, den sich kein Tourist entgehen lassen sollte, mit wertvollen Sch\u00e4tzen am Weg und bei der Ankunft in Restaurants, in denen Sie traditionelle lokale Gerichte probieren und Produkte und Kunsthandwerk kaufen k\u00f6nnen, die die Einheimischen in den engen Gassen verkaufen, die einst Wege durch die Stadt waren dass Esel vorbeizogen.[\/vc_column_text]<div class=\"clearboth\"><\/div><style>#thegem-divider-69dd21488f010 {margin-top: 50px !important;}<\/style><div id=\"thegem-divider-69dd21488f010\" class=\"gem-divider  \" style=\"\" ><\/div>[\/vc_column][\/vc_row][vc_row][vc_column]<div class=\"clearboth\"><\/div><style>#thegem-divider-69dd21488f026 {margin-top: 50px !important;}<\/style><div id=\"thegem-divider-69dd21488f026\" class=\"gem-divider  \" style=\"\" ><\/div>[vc_gmaps link=&#8221;#E-8_JTNDaWZyYW1lJTIwc3JjJTNEJTIyaHR0cHMlM0ElMkYlMkZ3d3cuZ29vZ2xlLmNvbSUyRm1hcHMlMkZlbWJlZCUzRnBiJTNEJTIxMW0xOCUyMTFtMTIlMjExbTMlMjExZDE3NTYuMzk4MjI5NzU4NDMxOSUyMTJkLTE2Ljg0MjA0NDkxMTEzNDglMjEzZDI4LjMwNDQ4OTI1NTQ4NzUzMiUyMTJtMyUyMTFmMCUyMTJmMCUyMTNmMCUyMTNtMiUyMTFpMTAyNCUyMTJpNzY4JTIxNGYxMy4xJTIxM20zJTIxMW0yJTIxMXMweGM2YThiYzk5YTc4ODIzYiUyNTNBMHhhMDM0MGY2NzRjZmIzMTAlMjEyczM4NDg5JTI1MjBNYXNjYSUyNTJDJTI1MjBTYW50YSUyNTIwQ3J1eiUyNTIwZGUlMjUyMFRlbmVyaWZlJTIxNWUwJTIxM20yJTIxMXNlcyUyMTJzZXMlMjE0djE2ODcxODU1ODA3NzAlMjE1bTIlMjExc2VzJTIxMnNlcyUyMiUyMHdpZHRoJTNEJTIyOTAwJTIyJTIwaGVpZ2h0JTNEJTIyNjAwJTIyJTIwc3R5bGUlM0QlMjJib3JkZXIlM0EwJTNCJTIyJTIwYWxsb3dmdWxsc2NyZWVuJTNEJTIyJTIyJTIwbG9hZGluZyUzRCUyMmxhenklMjIlMjByZWZlcnJlcnBvbGljeSUzRCUyMm5vLXJlZmVycmVyLXdoZW4tZG93bmdyYWRlJTIyJTNFJTNDJTJGaWZyYW1lJTNF&#8221; size=&#8221;&#8221;][\/vc_column][\/vc_row][vc_row][vc_column][vc_column_text css=&#8221;&#8221;]<\/p>\n<p style=\"text-align: center;\"><b>Masca und seine Schlucht: Ein verstecktes Juwel auf Teneriffa<\/b><u><\/u><u><\/u><\/p>\n<p style=\"text-align: center;\">Im Nordwesten der Insel Teneriffa, im Kanarischen Archipel, liegt das malerische Dorf Masca. Diese bezaubernde Ecke ist bekannt f\u00fcr ihre atemberaubende nat\u00fcrliche Sch\u00f6nheit, ihre faszinierende Geschichte und vor allem f\u00fcr die imposante Schlucht, die sie umgibt.<\/p>\n<p>[\/vc_column_text][\/vc_column][\/vc_row][vc_section css=&#8221;.vc_custom_1719825594771{margin-bottom: 0px !important;padding-top: 0px !important;}&#8221;][vc_row full_width=&#8221;stretch_row&#8221; equal_height=&#8221;yes&#8221; css=&#8221;.vc_custom_1719309563809{margin-bottom: 0px !important;}&#8221; custom_css_code=&#8221;JTQwbWVkaWElMjAlMjhtYXgtd2lkdGglM0ElMjAxMTk5cHglMjklMjAlN0IlMEElMjAlMjAlMjAlNDBpZCUyMCU3QiUyMG1hcmdpbi10b3AlM0ElMjAwJTNCJTdEJTBBJTIwJTIwJTIwJTQwaWQlMjAlM0UlMjAlMkElMjAlN0IlMjBtYXJnaW4tdG9wJTNBJTIwMCUzQiU3RCUwQSU3RCUwQSU0MG1lZGlhJTIwJTI4bWF4LXdpZHRoJTNBJTIwMTE5OXB4JTI5JTIwJTdCJTBBJTIwJTIwJTIwLnJvdyUyMCU3QiUyMG1hcmdpbi10b3AlM0ElMjAwJTNCJTIwJTdEJTBBJTIwJTIwJTIwLnJvdyUyMCUzRSUyMCUyQSUyMCU3QiUyMG1hcmdpbi10b3AlM0ElMjAwJTNCJTIwJTdEJTBBJTdEJTBBZGl2LnF1aWNrZmluZGVyJTdCJTBBJTIwJTIwJTIwJTIwcGFkZGluZyUzQSUyMDAlM0IlMEElN0QlMEFkaXYucXVpY2tmaW5kZXItaXRlbSU3QiUwQSUyMCUyMCUyMCUyMG1hcmdpbi1ib3R0b20lM0EwJTNCJTBBJTdEJTBBZGl2LnF1aWNrZmluZGVyLWl0ZW0tYm94JTdCJTBBJTIwJTIwJTIwJTIwcGFkZGluZy10b3AlM0ExMjVweCUzQiUwQSUyMCUyMCUyMCUyMHBhZGRpbmctYm90dG9tJTNBMTAwcHglM0IlMEElN0Q=&#8221;][vc_column width=&#8221;1\/2&#8243; offset=&#8221;vc_col-lg-4 vc_col-md-6 vc_col-xs-12&#8243; css=&#8221;.vc_custom_1719310730702{padding-right: 0px !important;padding-left: 0px !important;background-color: #f0f3f2 !important;}&#8221;]<div class=\"quickfinder quickfinder-style-classic row inline-row quickfinder-icon-position-top quickfinder-alignment-center quickfinder-title-bold quickfinder-equal-height\" data-hover-icon-color=\"#00bcd4\" data-hover-box-color=\"#ffffff\" data-hover-button-background-color=\"#00bcd4\"><div id=\"post-9238\" data-ll-finish-delay=\"200\" class=\"quickfinder-item inline-column col-md-12 col-sm-12 col-xs-12 quickfinder-item-effect-simple icon-size-medium quickfinder-box-style-solid lazy-loading post-9238 thegem_qf_item type-thegem_qf_item status-publish\" data-ll-item-delay=\"0\"> <div class=\"quickfinder-item-box\" style=\"background-color: #f0f3f2;\"> <div class=\"quickfinder-item-inner\"> <div class=\"quickfinder-item-image\"> <div class=\"quickfinder-item-image-content lazy-loading-item\" data-ll-item-delay=\"0\" data-ll-effect=\"clip\"> <div class=\"quickfinder-item-image-wrapper\"> <div class=\"gem-icon gem-icon-pack-fontawesome gem-icon-size-medium gem-icon-shape-circle gem-simple-icon \" style=\"opacity: 1;\"><div class=\"gem-icon-inner\" style=\"\"><span class=\"gem-icon-half-1\" style=\"color: #266a3c;\"><span class=\"back-angle\">&#xf004;<\/span><\/span><span class=\"gem-icon-half-2\" style=\"color: #266a3c;\"><span class=\"back-angle\">&#xf004;<\/span><\/span><\/div><\/div> <\/div> <\/div> <\/div> <div class=\"quickfinder-item-info-wrapper\"> <div class=\"quickfinder-item-info lazy-loading-item\" data-ll-item-delay=\"200\" data-ll-effect=\"fading\"> <div class=\"quickfinder-item-title\" style=\"color: #266a3c;\">Ein Traumdorf<\/div> <div class=\"quickfinder-item-text\" style=\"color: #212121;\">Masca ist ein kleines Dorf eingebettet im Teno-Massiv, einer der \u00e4ltesten und zerkl\u00fcftesten Landschaften Teneriffas. Die traditionellen kanarischen H\u00e4user mit ihren roten Ziegeld\u00e4chern und Steinmauern verteilen sich malerisch an den Bergh\u00e4ngen. Masca wird oft als eines der sch\u00f6nsten D\u00f6rfer Spaniens bezeichnet, und es ist nicht schwer zu verstehen, warum. Die Ruhe des Ortes und der Panoramablick machen es zu einem idealen Ziel f\u00fcr diejenigen, die dem Trubel der touristischen Gebiete der Insel entfliehen m\u00f6chten.<\/div> <\/div> <\/div> <\/div> <\/div> <\/div> <\/div>[\/vc_column][vc_column width=&#8221;1\/2&#8243; css=&#8221;.vc_custom_1719310965483{background-image: url(http:\/\/trekkingmasca.com\/wp-content\/uploads\/2024\/06\/masca1.jpg?id=8605) !important;background-position: center !important;background-repeat: no-repeat !important;background-size: cover !important;}&#8221; offset=&#8221;vc_col-lg-4 vc_col-md-6 vc_col-xs-12&#8243;][\/vc_column][vc_column offset=&#8221;vc_col-lg-4 vc_col-md-12 vc_col-xs-12&#8243; css=&#8221;.vc_custom_1719311435303{padding-right: 0px !important;padding-left: 0px !important;background-color: #f0f3f2 !important;}&#8221;]<div class=\"quickfinder quickfinder-style-classic row inline-row quickfinder-icon-position-top quickfinder-alignment-center quickfinder-title-bold\" data-hover-icon-color=\"#00bcd4\" data-hover-box-color=\"#ffffff\" data-hover-button-background-color=\"#00bcd4\"><div id=\"post-9239\" data-ll-finish-delay=\"200\" class=\"quickfinder-item inline-column col-md-12 col-sm-12 col-xs-12 quickfinder-item-effect-simple icon-size-medium quickfinder-box-style-solid lazy-loading post-9239 thegem_qf_item type-thegem_qf_item status-publish\" data-ll-item-delay=\"0\"> <div class=\"quickfinder-item-box\" style=\"background-color: #f0f3f2;\"> <div class=\"quickfinder-item-inner\"> <div class=\"quickfinder-item-image\"> <div class=\"quickfinder-item-image-content lazy-loading-item\" data-ll-item-delay=\"0\" data-ll-effect=\"clip\"> <div class=\"quickfinder-item-image-wrapper\"> <div class=\"gem-icon gem-icon-pack-fontawesome gem-icon-size-medium gem-icon-shape-circle gem-simple-icon \" style=\"opacity: 1;\"><div class=\"gem-icon-inner\" style=\"\"><span class=\"gem-icon-half-1\" style=\"color: #266a3c;\"><span class=\"back-angle\">&#xf03e;<\/span><\/span><span class=\"gem-icon-half-2\" style=\"color: #266a3c;\"><span class=\"back-angle\">&#xf03e;<\/span><\/span><\/div><\/div> <\/div> <\/div> <\/div> <div class=\"quickfinder-item-info-wrapper\"> <div class=\"quickfinder-item-info lazy-loading-item\" data-ll-item-delay=\"200\" data-ll-effect=\"fading\"> <div class=\"quickfinder-item-title\" style=\"color: #266a3c;\">Die Masca-Schlucht<\/div> <div class=\"quickfinder-item-text\" style=\"color: #212121;\">Was Masca jedoch wirklich auszeichnet, ist seine Schlucht. Die Masca-Schlucht ist eine tiefe und zerkl\u00fcftete Schlucht, die sich vom Dorf bis zum Atlantischen Ozean erstreckt. Diese Schlucht ist einer der beliebtesten Wanderwege Teneriffas und zieht Abenteurer aus aller Welt an.<\/div> <\/div> <\/div> <\/div> <\/div> <\/div> <\/div>[\/vc_column][\/vc_row][vc_row full_width=&#8221;stretch_row&#8221; equal_height=&#8221;yes&#8221; css=&#8221;.vc_custom_1719309570847{margin-bottom: 0px !important;}&#8221; custom_css_code=&#8221;JTQwbWVkaWElMjAlMjhtYXgtd2lkdGglM0ElMjAxMTk5cHglMjklMjAlN0IlMEElMjAlMjAlMjAlNDBpZCUyMCU3QiUyMG1hcmdpbi10b3AlM0ElMjAwJTNCJTdEJTBBJTIwJTIwJTIwJTQwaWQlMjAlM0UlMjAlMkElMjAlN0IlMjBtYXJnaW4tdG9wJTNBJTIwMCUzQiU3RCUwQSU3RCUwQSU0MG1lZGlhJTIwJTI4bWF4LXdpZHRoJTNBJTIwMTE5OXB4JTI5JTIwJTdCJTBBJTIwJTIwJTIwLnJvdyUyMCU3QiUyMG1hcmdpbi10b3AlM0ElMjAwJTNCJTIwJTdEJTBBJTIwJTIwJTIwLnJvdyUyMCUzRSUyMCUyQSUyMCU3QiUyMG1hcmdpbi10b3AlM0ElMjAwJTNCJTIwJTdEJTBBJTdEJTBBZGl2LnF1aWNrZmluZGVyJTdCJTBBJTIwJTIwJTIwJTIwcGFkZGluZyUzQSUyMDAlM0IlMEElN0QlMEFkaXYucXVpY2tmaW5kZXItaXRlbSU3QiUwQSUyMCUyMCUyMCUyMG1hcmdpbi1ib3R0b20lM0EwJTNCJTBBJTdEJTBBZGl2LnF1aWNrZmluZGVyLWl0ZW0tYm94JTdCJTBBJTIwJTIwJTIwJTIwcGFkZGluZy10b3AlM0ExMjVweCUzQiUwQSUyMCUyMCUyMCUyMHBhZGRpbmctYm90dG9tJTNBMTAwcHglM0IlMEElN0Q=&#8221;][vc_column width=&#8221;1\/2&#8243; css=&#8221;.vc_custom_1719311581513{background-image: url(http:\/\/trekkingmasca.com\/wp-content\/uploads\/2024\/06\/masca2.jpg?id=8612) !important;background-position: center !important;background-repeat: no-repeat !important;background-size: cover !important;}&#8221; offset=&#8221;vc_col-lg-4 vc_col-md-6 vc_col-xs-12&#8243;][\/vc_column][vc_column width=&#8221;1\/2&#8243; offset=&#8221;vc_col-lg-4 vc_col-md-6 vc_col-xs-12&#8243; css=&#8221;.vc_custom_1719311599509{padding-right: 0px !important;padding-left: 0px !important;background-color: #f0f3f2 !important;}&#8221;]<div class=\"quickfinder quickfinder-style-classic row inline-row quickfinder-icon-position-top quickfinder-alignment-center quickfinder-title-bold\" data-hover-icon-color=\"#00bcd4\" data-hover-box-color=\"#ffffff\" data-hover-button-background-color=\"#00bcd4\"><div id=\"post-9240\" data-ll-finish-delay=\"200\" class=\"quickfinder-item inline-column col-md-12 col-sm-12 col-xs-12 quickfinder-item-effect-simple icon-size-medium quickfinder-box-style-solid lazy-loading post-9240 thegem_qf_item type-thegem_qf_item status-publish\" data-ll-item-delay=\"0\"> <div class=\"quickfinder-item-box\" style=\"background-color: #f0f3f2;\"> <div class=\"quickfinder-item-inner\"> <div class=\"quickfinder-item-image\"> <div class=\"quickfinder-item-image-content lazy-loading-item\" data-ll-item-delay=\"0\" data-ll-effect=\"clip\"> <div class=\"quickfinder-item-image-wrapper\"> <div class=\"gem-icon gem-icon-pack-fontawesome gem-icon-size-medium gem-icon-shape-circle gem-simple-icon \" style=\"opacity: 1;\"><div class=\"gem-icon-inner\" style=\"\"><span class=\"gem-icon-half-1\" style=\"color: #266a3c;\"><span class=\"back-angle\">&#xf0a4;<\/span><\/span><span class=\"gem-icon-half-2\" style=\"color: #266a3c;\"><span class=\"back-angle\">&#xf0a4;<\/span><\/span><\/div><\/div> <\/div> <\/div> <\/div> <div class=\"quickfinder-item-info-wrapper\"> <div class=\"quickfinder-item-info lazy-loading-item\" data-ll-item-delay=\"200\" data-ll-effect=\"fading\"> <div class=\"quickfinder-item-title\" style=\"color: #266a3c;\">Der Wanderweg<\/div> <div class=\"quickfinder-item-text\" style=\"color: #212121;\">Der Weg, der die Masca-Schlucht durchquert, ist ein unvergessliches Erlebnis. Wanderer steigen vom Dorf zu einem abgelegenen Strand namens Playa de Masca ab. Die Route ist anspruchsvoll, mit steilen und felsigen Abschnitten, aber die spektakul\u00e4re Aussicht und das Gef\u00fchl der Abgeschiedenheit und Natur pur machen jeden Schritt lohnenswert.<\/div> <\/div> <\/div> <\/div> <\/div> <\/div> <\/div>[\/vc_column][vc_column css=&#8221;.vc_custom_1719311740722{background-image: url(http:\/\/trekkingmasca.com\/wp-content\/uploads\/2024\/06\/masca3.jpg?id=8614) !important;background-position: center !important;background-repeat: no-repeat !important;background-size: cover !important;}&#8221; offset=&#8221;vc_col-lg-4 vc_col-md-12 vc_col-xs-12&#8243;][\/vc_column][\/vc_row][vc_row full_width=&#8221;stretch_row&#8221; equal_height=&#8221;yes&#8221; disable_custom_paddings_tablet=&#8221;true&#8221; disable_custom_paddings_mobile=&#8221;true&#8221; css=&#8221;.vc_custom_1719309576947{margin-bottom: 0px !important;}&#8221; custom_css_code=&#8221;JTQwbWVkaWElMjAlMjhtYXgtd2lkdGglM0ElMjAxMTk5cHglMjklMjAlN0IlMEElMjAlMjAlMjAlNDBpZCUyMCU3QiUyMG1hcmdpbi10b3AlM0ElMjAwJTNCJTdEJTBBJTIwJTIwJTIwJTQwaWQlMjAlM0UlMjAlMkElMjAlN0IlMjBtYXJnaW4tdG9wJTNBJTIwMCUzQiU3RCUwQSU3RCUwQSU0MG1lZGlhJTIwJTI4bWF4LXdpZHRoJTNBJTIwMTE5OXB4JTI5JTIwJTdCJTBBJTIwJTIwJTIwLnJvdyUyMCU3QiUyMG1hcmdpbi10b3AlM0ElMjAwJTNCJTIwJTdEJTBBJTIwJTIwJTIwLnJvdyUyMCUzRSUyMCUyQSUyMCU3QiUyMG1hcmdpbi10b3AlM0ElMjAwJTNCJTIwJTdEJTBBJTdEJTBBZGl2LnF1aWNrZmluZGVyJTdCJTBBJTIwJTIwJTIwJTIwcGFkZGluZyUzQSUyMDAlM0IlMEElN0QlMEFkaXYucXVpY2tmaW5kZXItaXRlbSU3QiUwQSUyMCUyMCUyMCUyMG1hcmdpbi1ib3R0b20lM0EwJTNCJTBBJTdEJTBBZGl2LnF1aWNrZmluZGVyLWl0ZW0tYm94JTdCJTBBJTIwJTIwJTIwJTIwcGFkZGluZy10b3AlM0ExMjVweCUzQiUwQSUyMCUyMCUyMCUyMHBhZGRpbmctYm90dG9tJTNBMTAwcHglM0IlMEElN0Q=&#8221;][vc_column offset=&#8221;vc_col-lg-4 vc_col-md-12 vc_col-xs-12&#8243; css=&#8221;.vc_custom_1719311769861{padding-right: 0px !important;padding-left: 0px !important;background-color: #f0f3f2 !important;}&#8221;]<div class=\"quickfinder quickfinder-style-classic row inline-row quickfinder-icon-position-top quickfinder-alignment-center quickfinder-title-bold\" data-hover-icon-color=\"#00bcd4\" data-hover-box-color=\"#ffffff\" data-hover-button-background-color=\"#00bcd4\"><div id=\"post-9242\" data-ll-finish-delay=\"200\" class=\"quickfinder-item inline-column col-md-12 col-sm-12 col-xs-12 quickfinder-item-effect-simple icon-size-medium quickfinder-box-style-solid lazy-loading post-9242 thegem_qf_item type-thegem_qf_item status-publish\" data-ll-item-delay=\"0\"> <div class=\"quickfinder-item-box\" style=\"background-color: #f0f3f2;\"> <div class=\"quickfinder-item-inner\"> <div class=\"quickfinder-item-image\"> <div class=\"quickfinder-item-image-content lazy-loading-item\" data-ll-item-delay=\"0\" data-ll-effect=\"clip\"> <div class=\"quickfinder-item-image-wrapper\"> <div class=\"gem-icon gem-icon-pack-fontawesome gem-icon-size-medium gem-icon-shape-circle gem-simple-icon \" style=\"opacity: 1;\"><div class=\"gem-icon-inner\" style=\"\"><span class=\"gem-icon-half-1\" style=\"color: #266a3c;\"><span class=\"back-angle\">&#xf06c;<\/span><\/span><span class=\"gem-icon-half-2\" style=\"color: #266a3c;\"><span class=\"back-angle\">&#xf06c;<\/span><\/span><\/div><\/div> <\/div> <\/div> <\/div> <div class=\"quickfinder-item-info-wrapper\"> <div class=\"quickfinder-item-info lazy-loading-item\" data-ll-item-delay=\"200\" data-ll-effect=\"fading\"> <div class=\"quickfinder-item-title\" style=\"color: #266a3c;\">Flora und Fauna<\/div> <div class=\"quickfinder-item-text\" style=\"color: #212121;\">Eine Schlucht ist auch ein Zufluchtsort f\u00fcr eine reiche Vielfalt an Pflanzen und Tieren. W\u00e4hrend der Tour findet man h\u00e4ufig endemische Pflanzen der Kanarischen Inseln sowie einheimische V\u00f6gel, die in den Klippen nisten. Die Artenvielfalt des Gebietes ist ein Beweis f\u00fcr die \u00f6kologische Bedeutung dieser einzigartigen Umgebung.<\/div> <\/div> <\/div> <\/div> <\/div> <\/div> <\/div>[\/vc_column][vc_column width=&#8221;1\/2&#8243; css=&#8221;.vc_custom_1719311846082{background-image: url(http:\/\/trekkingmasca.com\/wp-content\/uploads\/2024\/06\/masca4.jpg?id=8616) !important;background-position: center !important;background-repeat: no-repeat !important;background-size: cover !important;}&#8221; offset=&#8221;vc_col-lg-4 vc_col-md-6 vc_col-xs-12&#8243;][\/vc_column][vc_column width=&#8221;1\/2&#8243; offset=&#8221;vc_col-lg-4 vc_col-md-6 vc_col-xs-12&#8243; css=&#8221;.vc_custom_1719311923621{padding-right: 0px !important;padding-left: 0px !important;background-color: #f0f3f2 !important;}&#8221;]<div class=\"quickfinder quickfinder-style-classic row inline-row quickfinder-icon-position-top quickfinder-alignment-center quickfinder-title-bold\" data-hover-icon-color=\"#00bcd4\" data-hover-box-color=\"#ffffff\" data-hover-button-background-color=\"#00bcd4\"><div id=\"post-9243\" data-ll-finish-delay=\"200\" class=\"quickfinder-item inline-column col-md-12 col-sm-12 col-xs-12 quickfinder-item-effect-simple icon-size-medium quickfinder-box-style-solid lazy-loading post-9243 thegem_qf_item type-thegem_qf_item status-publish\" data-ll-item-delay=\"0\"> <div class=\"quickfinder-item-box\" style=\"background-color: #f0f3f2;\"> <div class=\"quickfinder-item-inner\"> <div class=\"quickfinder-item-image\"> <div class=\"quickfinder-item-image-content lazy-loading-item\" data-ll-item-delay=\"0\" data-ll-effect=\"clip\"> <div class=\"quickfinder-item-image-wrapper\"> <div class=\"gem-icon gem-icon-pack-fontawesome gem-icon-size-medium gem-icon-shape-circle gem-simple-icon \" style=\"opacity: 1;\"><div class=\"gem-icon-inner\" style=\"\"><span class=\"gem-icon-half-1\" style=\"color: #266a3c;\"><span class=\"back-angle\">&#xf02d;<\/span><\/span><span class=\"gem-icon-half-2\" style=\"color: #266a3c;\"><span class=\"back-angle\">&#xf02d;<\/span><\/span><\/div><\/div> <\/div> <\/div> <\/div> <div class=\"quickfinder-item-info-wrapper\"> <div class=\"quickfinder-item-info lazy-loading-item\" data-ll-item-delay=\"200\" data-ll-effect=\"fading\"> <div class=\"quickfinder-item-title\" style=\"color: #266a3c;\">Geschichte und Kultur<\/div> <div class=\"quickfinder-item-text\" style=\"color: #212121;\">Masca ist nicht nur ein Naturparadies, sondern auch ein Ort voller Geschichte. Es wird vermutet, dass das Dorf von den Guanchen, den Ureinwohnern Teneriffas, gegr\u00fcndet wurde, und seine geographische Isolation trug dazu bei, viele ihrer Traditionen zu bewahren. Heute k\u00f6nnen Besucher das Ethnographische Museum von Masca erkunden, das einen faszinierenden Einblick in das l\u00e4ndliche Leben in diesem Teil der Insel bietet.<\/div> <\/div> <\/div> <\/div> <\/div> <\/div> <\/div>[\/vc_column][\/vc_row][\/vc_section][vc_row css=&#8221;.vc_custom_1719915325395{margin-top: 50px !important;}&#8221;][vc_column][vc_column_text css=&#8221;&#8221;]<\/p>\n<p style=\"text-align: center;\">Ein Besuch von Masca und seiner Schlucht ist ein Erlebnis, das Natur, Abenteuer, Geschichte und Kultur miteinander verbindet. Diese Ecke Teneriffas bietet Besuchern die M\u00f6glichkeit, von der modernen Welt abzuschalten und in eine Landschaft einzutauchen, die wie aus einem M\u00e4rchen zu stammen scheint. Und ob Sie die k\u00f6rperliche Herausforderung des Wanderns reizt oder einfach die Ruhe eines traditionellen kanarischen Dorfes genie\u00dfen m\u00f6chten, Masca hat f\u00fcr jeden Reisenden etwas Besonderes zu bieten.<\/p>\n<p>[\/vc_column_text][\/vc_column][\/vc_row]<\/p>\n<\/div>","protected":false},"excerpt":{"rendered":"<p>[vc_row full_width=&#8221;stretch_row_content_no_spaces&#8221; equal_height=&#8221;yes&#8221; content_placement=&#8221;middle&#8221; css=&#8221;.vc_custom_1684323871756{margin-top: 0px !important;margin-bottom: 0px !important;padding-top: 0px !important;padding-bottom: 0px !important;}&#8221;][vc_column css=&#8221;.vc_custom_1686580502971{margin-top: 0px !important;margin-bottom: 0px !important;padding-top: 250px !important;padding-bottom:&#8230;<\/p>\n","protected":false},"author":1,"featured_media":0,"parent":0,"menu_order":0,"comment_status":"closed","ping_status":"open","template":"","meta":{"footnotes":""},"class_list":["post-9235","page","type-page","status-publish"],"_links":{"self":[{"href":"https:\/\/trekkingmasca.com\/de\/wp-json\/wp\/v2\/pages\/9235","targetHints":{"allow":["GET"]}}],"collection":[{"href":"https:\/\/trekkingmasca.com\/de\/wp-json\/wp\/v2\/pages"}],"about":[{"href":"https:\/\/trekkingmasca.com\/de\/wp-json\/wp\/v2\/types\/page"}],"author":[{"embeddable":true,"href":"https:\/\/trekkingmasca.com\/de\/wp-json\/wp\/v2\/users\/1"}],"replies":[{"embeddable":true,"href":"https:\/\/trekkingmasca.com\/de\/wp-json\/wp\/v2\/comments?post=9235"}],"version-history":[{"count":5,"href":"https:\/\/trekkingmasca.com\/de\/wp-json\/wp\/v2\/pages\/9235\/revisions"}],"predecessor-version":[{"id":9266,"href":"https:\/\/trekkingmasca.com\/de\/wp-json\/wp\/v2\/pages\/9235\/revisions\/9266"}],"wp:attachment":[{"href":"https:\/\/trekkingmasca.com\/de\/wp-json\/wp\/v2\/media?parent=9235"}],"curies":[{"name":"wp","href":"https:\/\/api.w.org\/{rel}","templated":true}]}}