{"id":9216,"date":"2023-05-09T10:24:44","date_gmt":"2023-05-09T10:24:44","guid":{"rendered":"https:\/\/trekkingmasca.com\/condiciones-de-compra-y-anulacion\/"},"modified":"2024-07-01T09:31:47","modified_gmt":"2024-07-01T09:31:47","slug":"condiciones-de-compra-y-anulacion","status":"publish","type":"page","link":"https:\/\/trekkingmasca.com\/de\/condiciones-de-compra-y-anulacion\/","title":{"rendered":"KAUF- UND STORNOBEDINGUNGEN"},"content":{"rendered":"<div class=\"wpb-content-wrapper\"><p>[vc_row][vc_column][vc_column_text css=&#8221;&#8221;]Bevor Sie eine Reservierung f\u00fcr die Bootsabholung vom oder zum Masca-Pier vornehmen, m\u00fcssen Sie immer die Website <a href=\"http:\/\/www.caminodebarrancodemasca.com\/\" target=\"_blank\" rel=\"noopener\">www.caminodebarrancodemasca.com<\/a> besuchen, wo Sie Ihre Tickets f\u00fcr die Masca-Schlucht reservieren und kaufen m\u00fcssen.<\/p>\n<p>Sobald Sie die Best\u00e4tigung Ihrer Masca Express-Reservierung erhalten haben, m\u00fcssen Sie diese zum reservierten Zeitpunkt am Masca-Pier vorlegen. Wenn Sie den Canyon-Aufstieg gebucht haben, m\u00fcssen Sie zur reservierten Zeit am Los Gigantes-Dock erscheinen. Wenn Sie Ihre Pl\u00e4tze f\u00fcr die Masca Express-Tour vom Los Gigantes-Pier zum Masca-Pier reserviert haben, ist Ihr Treffpunkt:<\/p>\n<p><a href=\"https:\/\/maps.app.goo.gl\/UC3hPLmP8m3Lfmpj6\" target=\"_blank\" rel=\"noopener\">https:\/\/maps.app.goo.gl\/UC3hPLmP8m3Lfmpj6<\/a><\/p>\n<p>Dort finden Sie die Mitarbeiter von Masca Express, die Ihnen sagen, wo der Masca Express zum Masca-Pier abf\u00e4hrt.<\/p>\n<p>Um an Ihrem Ausflug teilnehmen zu k\u00f6nnen, m\u00fcssen Sie dem jeweiligen Leistungstr\u00e4ger den originalen und authentischen Voucher vorlegen. Ohne Vorlage eines g\u00fcltigen Vouchers kann Ihre Reservierung nicht angenommen bzw. zugelassen werden. Auch die Vorlage des Gutscheins in digitaler Form (z. B. Ihr Telefon oder Tablet) wird akzeptiert.<\/p>\n<h3>Kann ich eine Reservierung stornieren?<\/h3>\n<p>Mit mehr als 72 Stunden im Voraus:<\/p>\n<p>F\u00fcr die \u00c4nderung oder Stornierung fallen keine Kosten an.<br \/>\nIm Falle einer Stornierung werden 100 % des berechneten Preises zur\u00fcckerstattet.<br \/>\nIm Falle einer \u00c4nderung wird der neue Termin innerhalb von maximal einem Jahr gew\u00e4hlt.<\/p>\n<p>Mit einer Frist von 72 Stunden oder weniger:<\/p>\n<p>\u00c4nderungen sind mit einer Frist von weniger als 72 Stunden nicht m\u00f6glich, nur Stornierungen.<br \/>\nIm Falle einer Stornierung wird die erhobene Geb\u00fchr nicht zur\u00fcckerstattet.<\/p>\n<p>Es erfolgt keine R\u00fcckerstattung, wenn Sie zum Zeitpunkt der Buchung nicht erscheinen, ohne zuvor eine \u00c4nderung oder Stornierung beantragt zu haben.<\/p>\n<h3>Was passiert, wenn die Aktivit\u00e4t abgesagt wird?<\/h3>\n<p>Wenn die Stra\u00dfenverwaltung aus Gr\u00fcnden h\u00f6herer Gewalt (Wetterwarnung, schlechte Seebedingungen) beschlie\u00dft, die Besuche abzusagen, werden die gebuchten Personen so fr\u00fch wie m\u00f6glich benachrichtigt. Bedenken Sie, dass die Vorlaufzeit beispielsweise bei ung\u00fcnstigem Wetter nur sehr wenige Stunden betragen kann. In jedem Fall k\u00f6nnen Sie Ihr Datum \u00e4ndern oder kostenlos stornieren.<\/p>\n<p>Wenn Sie die Reservierung auf einen anderen Tag \u00e4ndern m\u00f6chten, k\u00f6nnen Sie dies kostenlos tun.<\/p>\n<p>Wenn Sie die Reservierung stornieren m\u00f6chten, erhalten Sie eine 100-prozentige R\u00fcckerstattung des Preises.<\/p>\n<h3>Kann ich das Datum meiner Reservierung \u00e4ndern?<\/h3>\n<p>Ja, die Reservierung kann mindestens 72 Stunden im Voraus ge\u00e4ndert werden, sofern am neu gew\u00e4hlten Datum freie Pl\u00e4tze vorhanden sind.<br \/>\nKundenservice:<a href=\"mailto:reservas@flipperuno.com\"> reservas@flipperuno.com<\/a>[\/vc_column_text][\/vc_column][\/vc_row]<\/p>\n<\/div>","protected":false},"excerpt":{"rendered":"<p>[vc_row][vc_column][vc_column_text css=&#8221;&#8221;]Bevor Sie eine Reservierung f\u00fcr die Bootsabholung vom oder zum Masca-Pier vornehmen, m\u00fcssen Sie immer die Website www.caminodebarrancodemasca.com besuchen,&#8230;<\/p>\n","protected":false},"author":1,"featured_media":0,"parent":0,"menu_order":0,"comment_status":"closed","ping_status":"open","template":"","meta":{"footnotes":""},"class_list":["post-9216","page","type-page","status-publish"],"_links":{"self":[{"href":"https:\/\/trekkingmasca.com\/de\/wp-json\/wp\/v2\/pages\/9216","targetHints":{"allow":["GET"]}}],"collection":[{"href":"https:\/\/trekkingmasca.com\/de\/wp-json\/wp\/v2\/pages"}],"about":[{"href":"https:\/\/trekkingmasca.com\/de\/wp-json\/wp\/v2\/types\/page"}],"author":[{"embeddable":true,"href":"https:\/\/trekkingmasca.com\/de\/wp-json\/wp\/v2\/users\/1"}],"replies":[{"embeddable":true,"href":"https:\/\/trekkingmasca.com\/de\/wp-json\/wp\/v2\/comments?post=9216"}],"version-history":[{"count":3,"href":"https:\/\/trekkingmasca.com\/de\/wp-json\/wp\/v2\/pages\/9216\/revisions"}],"predecessor-version":[{"id":9219,"href":"https:\/\/trekkingmasca.com\/de\/wp-json\/wp\/v2\/pages\/9216\/revisions\/9219"}],"wp:attachment":[{"href":"https:\/\/trekkingmasca.com\/de\/wp-json\/wp\/v2\/media?parent=9216"}],"curies":[{"name":"wp","href":"https:\/\/api.w.org\/{rel}","templated":true}]}}